{"id":9678,"date":"2023-03-22T16:47:04","date_gmt":"2023-03-22T16:47:04","guid":{"rendered":"https:\/\/gyg-sucesores.com\/wordpress\/?page_id=9678"},"modified":"2024-10-28T23:04:40","modified_gmt":"2024-10-28T23:04:40","slug":"marcas","status":"publish","type":"page","link":"https:\/\/gyg-sucesores.com\/wordpress\/index.php\/marcas\/","title":{"rendered":"Marcas"},"content":{"rendered":"<section class=\"wpb-content-wrapper\"><p>[vc_row full_width=&#8221;stretch_row&#8221; gap=&#8221;20&#8243; css=&#8221;.vc_custom_1525531654113{padding-top: 80px !important;padding-bottom: 60px !important;background-color: #f7f9fb !important;}&#8221;][vc_column][vc_custom_heading text=&#8221;Distribuidores Directos y Autorizados de la F\u00e1bricas&#8221; font_container=&#8221;tag:h2|font_size:28|text_align:center|line_height:1.29em&#8221; letter_spacing=&#8221;&#8221; use_theme_fonts=&#8221;yes&#8221; css=&#8221;.vc_custom_1679604389394{margin-bottom: 24px !important;}&#8221;][cesis_line_divider width=&#8221;170&#8243; color=&#8221;#5caffd&#8221; margin_bottom=&#8221;22&#8243;][vc_column_text max_width=&#8221;550px&#8221; text_ctn_pos=&#8221;cesis_line_d_center&#8221; css=&#8221;.vc_custom_1679604429136{margin-bottom: 70px !important;}&#8221;]<\/p>\n<p style=\"text-align: center;\">Representante en Colombia de reconocidas marcas en el mundo para la comercializaci\u00f3n de equipos, elementos y reactivos para laboratorio<\/p>\n<p>[\/vc_column_text][vc_row_inner][vc_column_inner width=&#8221;1\/3&#8243; css=&#8221;.vc_custom_1729618299430{padding-top: 20px !important;padding-bottom: 20px !important;background-color: #f7f9fb !important;}&#8221;][vc_single_image image=&#8221;9970&#8243; img_size=&#8221;full&#8221; alignment=&#8221;center&#8221; css=&#8221;.vc_custom_1704307500865{margin-bottom: 0px !important;}&#8221;][vc_custom_heading text=&#8221;Thermo Scientific&#8221; font_container=&#8221;tag:h3|font_size:16|text_align:left|line_height:1.5em&#8221; google_fonts=&#8221;font_family:Roboto%3A100%2C100italic%2C300%2C300italic%2Cregular%2Citalic%2C500%2C500italic%2C700%2C700italic%2C900%2C900italic|font_style:700%20bold%20regular%3A700%3Anormal&#8221; css=&#8221;.vc_custom_1679604633520{margin-bottom: 0px !important;border-top-width: 1px !important;border-right-width: 1px !important;border-left-width: 1px !important;padding-top: 29px !important;padding-right: 29px !important;padding-bottom: 12px !important;padding-left: 29px !important;background-color: #ffffff !important;border-left-color: #ebebeb !important;border-left-style: solid !important;border-right-color: #ebebeb !important;border-right-style: solid !important;border-top-color: #ebebeb !important;border-top-style: solid !important;}&#8221;][vc_column_text css=&#8221;.vc_custom_1729546291822{margin-bottom: 0px !important;border-right-width: 1px !important;border-bottom-width: 1px !important;border-left-width: 1px !important;padding-right: 29px !important;padding-bottom: 29px !important;padding-left: 29px !important;background-color: #ffffff !important;border-left-color: #ebebeb !important;border-left-style: solid !important;border-right-color: #ebebeb !important;border-right-style: solid !important;border-bottom-color: #ebebeb !important;border-bottom-style: solid !important;}&#8221;]L\u00edder mundial al servicio de la ciencia. Intrumentos anal\u00edticos innovadores, equipos de laboratorio e investigaciones especiales que proporcionan resultados r\u00e1pidos y precisos para los clientes en los mercados de investigaci\u00f3n, salud, industria y ciencias aplicadas.<\/p>\n<p><a href=\"https:\/\/www.thermofisher.com\/co\/en\/home.html\">&#8211; Mas acerca de Thermo Scientific<\/a>[\/vc_column_text][\/vc_column_inner][vc_column_inner width=&#8221;1\/3&#8243; css=&#8221;.vc_custom_1729617892985{padding-top: 20px !important;padding-bottom: 20px !important;background-color: #f7f7f7 !important;}&#8221;][vc_single_image image=&#8221;9971&#8243; img_size=&#8221;full&#8221; alignment=&#8221;center&#8221; css=&#8221;.vc_custom_1729618253165{margin-bottom: 0px !important;background-color: #f7f9fb !important;}&#8221;][vc_custom_heading text=&#8221;Labconco&#8221; font_container=&#8221;tag:h3|font_size:16|text_align:left|line_height:1.5em&#8221; google_fonts=&#8221;font_family:Roboto%3A100%2C100italic%2C300%2C300italic%2Cregular%2Citalic%2C500%2C500italic%2C700%2C700italic%2C900%2C900italic|font_style:700%20bold%20regular%3A700%3Anormal&#8221; css=&#8221;.vc_custom_1679607374515{margin-bottom: 0px !important;border-top-width: 1px !important;border-right-width: 1px !important;border-left-width: 1px !important;padding-top: 29px !important;padding-right: 29px !important;padding-bottom: 12px !important;padding-left: 29px !important;background-color: #ffffff !important;border-left-color: #ebebeb !important;border-left-style: solid !important;border-right-color: #ebebeb !important;border-right-style: solid !important;border-top-color: #ebebeb !important;border-top-style: solid !important;}&#8221;][vc_column_text css=&#8221;.vc_custom_1704866934883{margin-bottom: 0px !important;border-right-width: 1px !important;border-bottom-width: 1px !important;border-left-width: 1px !important;padding-right: 29px !important;padding-bottom: 29px !important;padding-left: 29px !important;background-color: #ffffff !important;border-left-color: #ebebeb !important;border-left-style: solid !important;border-right-color: #ebebeb !important;border-right-style: solid !important;border-bottom-color: #ebebeb !important;border-bottom-style: solid !important;}&#8221;]Cada equipo de laboratorio que fabrica es un trabajo de dedicaci\u00f3n. Un escudo de protecci\u00f3n. Dedicada a la construcci\u00f3n de equipos de laboratorio superiores. Con herramientas de b\u00fasqueda lo ayudar\u00e1n a encontrar el equipo y los componentes adecuados.<\/p>\n<p><a href=\"https:\/\/www.labconco.com\">&#8211; Mas acerca de labconco<\/a>[\/vc_column_text][\/vc_column_inner][vc_column_inner width=&#8221;1\/3&#8243; css=&#8221;.vc_custom_1729618315763{padding-top: 20px !important;padding-bottom: 20px !important;background-color: #f7f9fb !important;}&#8221;][vc_single_image image=&#8221;9972&#8243; img_size=&#8221;full&#8221; alignment=&#8221;center&#8221; css=&#8221;.vc_custom_1729554504824{margin-bottom: 0px !important;}&#8221;][vc_custom_heading text=&#8221;Merck&#8221; font_container=&#8221;tag:h3|font_size:16|text_align:left|line_height:1.5em&#8221; google_fonts=&#8221;font_family:Roboto%3A100%2C100italic%2C300%2C300italic%2Cregular%2Citalic%2C500%2C500italic%2C700%2C700italic%2C900%2C900italic|font_style:700%20bold%20regular%3A700%3Anormal&#8221; css=&#8221;.vc_custom_1679607751682{margin-bottom: 0px !important;border-top-width: 1px !important;border-right-width: 1px !important;border-left-width: 1px !important;padding-top: 29px !important;padding-right: 29px !important;padding-bottom: 12px !important;padding-left: 29px !important;background-color: #ffffff !important;border-left-color: #ebebeb !important;border-right-color: #ebebeb !important;border-top-color: #ebebeb !important;}&#8221;][vc_column_text css=&#8221;.vc_custom_1730153829016{margin-bottom: 0px !important;border-right-width: 1px !important;border-bottom-width: 1px !important;border-left-width: 1px !important;padding-right: 29px !important;padding-bottom: 29px !important;padding-left: 29px !important;background-color: #ffffff !important;border-left-color: #ebebeb !important;border-left-style: solid !important;border-right-color: #ebebeb !important;border-right-style: solid !important;border-bottom-color: #ebebeb !important;border-bottom-style: solid !important;}&#8221;]Empresa global de ciencia y tecnolog\u00eda decidida a resolver los problemas m\u00e1s complejos en las ciencias de la vida, investigaci\u00f3n. Proveedor l\u00edder para la industria de Ciencias de la Vida con soluciones y servicios para investigaci\u00f3n, desarrollo y producci\u00f3n biotecnol\u00f3gicos, y para desarrollo y producci\u00f3n de tratamientos farmac\u00e9uticos.<\/p>\n<p><a href=\"https:\/\/www.sigmaaldrich.com\/CO\/en\">-Mas acerca de Merck<\/a>[\/vc_column_text][\/vc_column_inner][\/vc_row_inner][vc_row_inner][vc_column_inner width=&#8221;1\/3&#8243; css=&#8221;.vc_custom_1729618334287{padding-top: 20px !important;padding-bottom: 20px !important;background-color: #f7f9fb !important;}&#8221;][vc_single_image image=&#8221;9973&#8243; img_size=&#8221;full&#8221; alignment=&#8221;center&#8221; css=&#8221;.vc_custom_1704307606024{margin-bottom: 0px !important;}&#8221;][vc_custom_heading text=&#8221;Fisher Scientific&#8221; font_container=&#8221;tag:h3|font_size:16|text_align:left|line_height:1.5em&#8221; google_fonts=&#8221;font_family:Roboto%3A100%2C100italic%2C300%2C300italic%2Cregular%2Citalic%2C500%2C500italic%2C700%2C700italic%2C900%2C900italic|font_style:700%20bold%20regular%3A700%3Anormal&#8221; css=&#8221;.vc_custom_1679608274358{margin-bottom: 0px !important;border-top-width: 1px !important;border-right-width: 1px !important;border-left-width: 1px !important;padding-top: 29px !important;padding-right: 29px !important;padding-bottom: 12px !important;padding-left: 29px !important;background-color: #ffffff !important;border-left-color: #ebebeb !important;border-left-style: solid !important;border-right-color: #ebebeb !important;border-right-style: solid !important;border-top-color: #ebebeb !important;border-top-style: solid !important;}&#8221;][vc_column_text css=&#8221;.vc_custom_1729546410163{margin-bottom: 0px !important;border-right-width: 1px !important;border-bottom-width: 1px !important;border-left-width: 1px !important;padding-right: 29px !important;padding-bottom: 29px !important;padding-left: 29px !important;background-color: #ffffff !important;border-left-color: #ebebeb !important;border-left-style: solid !important;border-right-color: #ebebeb !important;border-right-style: solid !important;border-bottom-color: #ebebeb !important;border-bottom-style: solid !important;}&#8221;]Acceso conveniente a la oferta m\u00e1s completa de productos y servicios. Entrega de productos para cada laboratorio. Material de laboratorio, equipos e instrumentos para respaldar sus esfuerzos cient\u00edficos. Encuentre productos que ofrecen funcionalidad, confiabilidad y valor.<\/p>\n<p><a href=\"https:\/\/www.fishersci.com\/us\/en\/home.html\">&#8211; Mas acerca de Fisher Scientific<\/a>[\/vc_column_text][\/vc_column_inner][vc_column_inner width=&#8221;1\/3&#8243; css=&#8221;.vc_custom_1729618349115{padding-top: 20px !important;padding-bottom: 20px !important;background-color: #f7f9fb !important;}&#8221;][vc_single_image image=&#8221;9974&#8243; img_size=&#8221;full&#8221; alignment=&#8221;center&#8221; css=&#8221;.vc_custom_1704307617246{margin-bottom: 0px !important;}&#8221;][vc_custom_heading text=&#8221;Julabo&#8221; font_container=&#8221;tag:h3|font_size:16|text_align:left|line_height:1.5em&#8221; google_fonts=&#8221;font_family:Roboto%3A100%2C100italic%2C300%2C300italic%2Cregular%2Citalic%2C500%2C500italic%2C700%2C700italic%2C900%2C900italic|font_style:700%20bold%20regular%3A700%3Anormal&#8221; css=&#8221;.vc_custom_1679609067195{margin-bottom: 0px !important;border-top-width: 1px !important;border-right-width: 1px !important;border-left-width: 1px !important;padding-top: 29px !important;padding-right: 29px !important;padding-bottom: 12px !important;padding-left: 29px !important;background-color: #ffffff !important;border-left-color: #ebebeb !important;border-left-style: solid !important;border-right-color: #ebebeb !important;border-right-style: solid !important;border-top-color: #ebebeb !important;border-top-style: solid !important;}&#8221;][vc_column_text css=&#8221;.vc_custom_1704867240154{margin-bottom: 0px !important;border-right-width: 1px !important;border-bottom-width: 1px !important;border-left-width: 1px !important;padding-right: 29px !important;padding-bottom: 29px !important;padding-left: 29px !important;background-color: #ffffff !important;border-left-color: #ebebeb !important;border-left-style: solid !important;border-right-color: #ebebeb !important;border-right-style: solid !important;border-bottom-color: #ebebeb !important;border-bottom-style: solid !important;}&#8221;]Uno de los principales fabricantes de instrumentos de control de temperatura para la investigaci\u00f3n, la industria y la ciencia. Productos premium que proporcionan a los clientes siempre la temperatura exacta en el momento deseado.<\/p>\n<p><a href=\"https:\/\/www.julabo.com\/es\">&#8211; Mas acerca de Julabo<\/a>[\/vc_column_text][\/vc_column_inner][vc_column_inner width=&#8221;1\/3&#8243; css=&#8221;.vc_custom_1729618363973{padding-top: 20px !important;padding-bottom: 20px !important;background-color: #f7f9fb !important;}&#8221;][vc_single_image image=&#8221;9975&#8243; img_size=&#8221;full&#8221; alignment=&#8221;center&#8221; css=&#8221;.vc_custom_1704307643316{margin-bottom: 0px !important;}&#8221;][vc_custom_heading text=&#8221;Scientific Industries Inc&#8221; font_container=&#8221;tag:h3|font_size:16|text_align:left|line_height:1.5em&#8221; google_fonts=&#8221;font_family:Roboto%3A100%2C100italic%2C300%2C300italic%2Cregular%2Citalic%2C500%2C500italic%2C700%2C700italic%2C900%2C900italic|font_style:700%20bold%20regular%3A700%3Anormal&#8221; css=&#8221;.vc_custom_1679609235565{margin-bottom: 0px !important;border-top-width: 1px !important;border-right-width: 1px !important;border-left-width: 1px !important;padding-top: 29px !important;padding-right: 29px !important;padding-bottom: 12px !important;padding-left: 29px !important;background-color: #ffffff !important;border-left-color: #ebebeb !important;border-right-color: #ebebeb !important;border-top-color: #ebebeb !important;}&#8221;][vc_column_text css=&#8221;.vc_custom_1704867274742{margin-bottom: 0px !important;border-right-width: 1px !important;border-bottom-width: 1px !important;border-left-width: 1px !important;padding-right: 29px !important;padding-bottom: 29px !important;padding-left: 29px !important;background-color: #ffffff !important;border-left-color: #ebebeb !important;border-left-style: solid !important;border-right-color: #ebebeb !important;border-right-style: solid !important;border-bottom-color: #ebebeb !important;border-bottom-style: solid !important;}&#8221;]L\u00edder mundial en tecnolog\u00edas de agitaci\u00f3n vorticial y es mejor conocida como dise\u00f1adora y fabricante del mezclador y agitador Vortex-Genie\u00ae de renombre mundial, junto con una l\u00ednea completa de agitadores y mezcladores de microplacas, disruptores celulares y homogeneizadores, agitadores magn\u00e9ticos, agitadores orbitales, rotadores, balancines y agitaodres incubadores.<\/p>\n<p><a href=\"https:\/\/www.scientificindustries.com\">-Mas acerca de Scientific Industries<\/a>[\/vc_column_text][\/vc_column_inner][\/vc_row_inner][vc_row_inner][vc_column_inner width=&#8221;1\/3&#8243; css=&#8221;.vc_custom_1729618334287{padding-top: 20px !important;padding-bottom: 20px !important;background-color: #f7f9fb !important;}&#8221;][vc_single_image image=&#8221;9978&#8243; img_size=&#8221;full&#8221; alignment=&#8221;center&#8221; css=&#8221;.vc_custom_1730156826840{margin-bottom: 0px !important;}&#8221;][vc_custom_heading text=&#8221;Nichiryo&#8221; font_container=&#8221;tag:h3|font_size:16|text_align:left|line_height:1.5em&#8221; google_fonts=&#8221;font_family:Roboto%3A100%2C100italic%2C300%2C300italic%2Cregular%2Citalic%2C500%2C500italic%2C700%2C700italic%2C900%2C900italic|font_style:700%20bold%20regular%3A700%3Anormal&#8221; css=&#8221;.vc_custom_1730156710369{margin-bottom: 0px !important;border-top-width: 1px !important;border-right-width: 1px !important;border-left-width: 1px !important;padding-top: 29px !important;padding-right: 29px !important;padding-bottom: 12px !important;padding-left: 29px !important;background-color: #ffffff !important;border-left-color: #ebebeb !important;border-left-style: solid !important;border-right-color: #ebebeb !important;border-right-style: solid !important;border-top-color: #ebebeb !important;border-top-style: solid !important;}&#8221;][vc_column_text css=&#8221;.vc_custom_1730156689321{margin-bottom: 0px !important;border-right-width: 1px !important;border-bottom-width: 1px !important;border-left-width: 1px !important;padding-right: 29px !important;padding-bottom: 29px !important;padding-left: 29px !important;background-color: #ffffff !important;border-left-color: #ebebeb !important;border-left-style: solid !important;border-right-color: #ebebeb !important;border-right-style: solid !important;border-bottom-color: #ebebeb !important;border-bottom-style: solid !important;}&#8221;]Fabricaci\u00f3n y venta de productos para el manejo de l\u00edquidos y dispositivos m\u00e9dicos. Tecnolog\u00eda de dispensi\u00f3n a trav\u00e9s de la fabricaci\u00f3n de pipetas y dispensadores con un control de calidad al nivel m\u00e1s alto y en cumplimiento de los est\u00e1ndares internacionales.<\/p>\n<p>&nbsp;<\/p>\n<p><a href=\"https:\/\/www.nichiryo.co.jp\/en\/\">&#8211; Mas acerca de Nichiryo<\/a>[\/vc_column_text][\/vc_column_inner][vc_column_inner width=&#8221;1\/3&#8243; css=&#8221;.vc_custom_1729618349115{padding-top: 20px !important;padding-bottom: 20px !important;background-color: #f7f9fb !important;}&#8221;][vc_single_image image=&#8221;9979&#8243; img_size=&#8221;full&#8221; alignment=&#8221;center&#8221; css=&#8221;.vc_custom_1730156624709{margin-bottom: 0px !important;}&#8221;][vc_custom_heading text=&#8221;Forestry Suppliers&#8221; font_container=&#8221;tag:h3|font_size:16|text_align:left|line_height:1.5em&#8221; google_fonts=&#8221;font_family:Roboto%3A100%2C100italic%2C300%2C300italic%2Cregular%2Citalic%2C500%2C500italic%2C700%2C700italic%2C900%2C900italic|font_style:700%20bold%20regular%3A700%3Anormal&#8221; css=&#8221;.vc_custom_1730156540360{margin-bottom: 0px !important;border-top-width: 1px !important;border-right-width: 1px !important;border-left-width: 1px !important;padding-top: 29px !important;padding-right: 29px !important;padding-bottom: 12px !important;padding-left: 29px !important;background-color: #ffffff !important;border-left-color: #ebebeb !important;border-left-style: solid !important;border-right-color: #ebebeb !important;border-right-style: solid !important;border-top-color: #ebebeb !important;border-top-style: solid !important;}&#8221;][vc_column_text css=&#8221;.vc_custom_1730156515246{margin-bottom: 0px !important;border-right-width: 1px !important;border-bottom-width: 1px !important;border-left-width: 1px !important;padding-right: 29px !important;padding-bottom: 29px !important;padding-left: 29px !important;background-color: #ffffff !important;border-left-color: #ebebeb !important;border-left-style: solid !important;border-right-color: #ebebeb !important;border-right-style: solid !important;border-bottom-color: #ebebeb !important;border-bottom-style: solid !important;}&#8221;]Fuente confiable de herramientas y equipos para profesionales de exteriores. Presentan m\u00e1s de 12.000 productos de calidad para silvicultura, ciencias ambientales, topograf\u00eda e ingenier\u00eda, horticultura, mantenimiento de terrenos, protecci\u00f3n personal, educaci\u00f3n cient\u00edfica y muchos m\u00e1s.<\/p>\n<p><a href=\"https:\/\/www.forestry-suppliers.com\">&#8211; Mas acerca de Forestry suppliers<\/a>[\/vc_column_text][\/vc_column_inner][vc_column_inner width=&#8221;1\/3&#8243; css=&#8221;.vc_custom_1729618363973{padding-top: 20px !important;padding-bottom: 20px !important;background-color: #f7f9fb !important;}&#8221;][vc_single_image image=&#8221;10475&#8243; img_size=&#8221;full&#8221; alignment=&#8221;center&#8221; css=&#8221;.vc_custom_1730156276012{margin-bottom: 0px !important;}&#8221;][vc_custom_heading text=&#8221;Berskshire&#8221; font_container=&#8221;tag:h3|font_size:16|text_align:left|line_height:1.5em&#8221; google_fonts=&#8221;font_family:Roboto%3A100%2C100italic%2C300%2C300italic%2Cregular%2Citalic%2C500%2C500italic%2C700%2C700italic%2C900%2C900italic|font_style:700%20bold%20regular%3A700%3Anormal&#8221; css=&#8221;.vc_custom_1730156258249{margin-bottom: 0px !important;border-top-width: 1px !important;border-right-width: 1px !important;border-left-width: 1px !important;padding-top: 29px !important;padding-right: 29px !important;padding-bottom: 12px !important;padding-left: 29px !important;background-color: #ffffff !important;border-left-color: #ebebeb !important;border-right-color: #ebebeb !important;border-top-color: #ebebeb !important;}&#8221;][vc_column_text css=&#8221;.vc_custom_1730156239266{margin-bottom: 0px !important;border-right-width: 1px !important;border-bottom-width: 1px !important;border-left-width: 1px !important;padding-right: 29px !important;padding-bottom: 29px !important;padding-left: 29px !important;background-color: #ffffff !important;border-left-color: #ebebeb !important;border-left-style: solid !important;border-right-color: #ebebeb !important;border-right-style: solid !important;border-bottom-color: #ebebeb !important;border-bottom-style: solid !important;}&#8221;]Proveedor global de productos para el control de la contaminaci\u00f3n en salas limpias y ambientes cr\u00edticos. Con materiales de alta calidad y mejores practicas, sus est\u00e1ndares de manufactura aseguran un rendimiento de primera calidad y consistencia<\/p>\n<p><a href=\"https:\/\/berkshire.mx\/\">&#8211; Mas acerca de Berkshire<\/a>[\/vc_column_text][\/vc_column_inner][\/vc_row_inner][vc_row_inner][vc_column_inner][\/vc_column_inner][\/vc_row_inner][\/vc_column][\/vc_row]<\/p>\n<\/section>","protected":false},"excerpt":{"rendered":"<p>[vc_row full_width=&#8221;stretch_row&#8221; gap=&#8221;20&#8243; css=&#8221;.vc_custom_1525531654113{padding-top: 80px !important;padding-bottom: 60px !important;background-color: #f7f9fb !important;}&#8221;][vc_column][vc_custom_heading text=&#8221;Distribuidores Directos y Autorizados de la F\u00e1bricas&#8221; font_container=&#8221;tag:h2|font_size:28|text_align:center|line_height:1.29em&#8221; letter_spacing=&#8221;&#8221; use_theme_fonts=&#8221;yes&#8221; css=&#8221;.vc_custom_1679604389394{margin-bottom: 24px !important;}&#8221;][cesis_line_divider width=&#8221;170&#8243; color=&#8221;#5caffd&#8221; margin_bottom=&#8221;22&#8243;][vc_column_text max_width=&#8221;550px&#8221; text_ctn_pos=&#8221;cesis_line_d_center&#8221; css=&#8221;.vc_custom_1679604429136{margin-bottom: 70px !important;}&#8221;] Representante en Colombia de reconocidas marcas en el mundo para la comercializaci\u00f3n de equipos, elementos y reactivos para laboratorio [\/vc_column_text][vc_row_inner][vc_column_inner width=&#8221;1\/3&#8243; css=&#8221;.vc_custom_1729618299430{padding-top: 20px !important;padding-bottom: [&hellip;]<\/p>\n","protected":false},"author":1,"featured_media":0,"parent":0,"menu_order":0,"comment_status":"closed","ping_status":"closed","template":"","meta":{"footnotes":""},"class_list":["post-9678","page","type-page","status-publish","hentry"],"_links":{"self":[{"href":"https:\/\/gyg-sucesores.com\/wordpress\/index.php\/wp-json\/wp\/v2\/pages\/9678","targetHints":{"allow":["GET"]}}],"collection":[{"href":"https:\/\/gyg-sucesores.com\/wordpress\/index.php\/wp-json\/wp\/v2\/pages"}],"about":[{"href":"https:\/\/gyg-sucesores.com\/wordpress\/index.php\/wp-json\/wp\/v2\/types\/page"}],"author":[{"embeddable":true,"href":"https:\/\/gyg-sucesores.com\/wordpress\/index.php\/wp-json\/wp\/v2\/users\/1"}],"replies":[{"embeddable":true,"href":"https:\/\/gyg-sucesores.com\/wordpress\/index.php\/wp-json\/wp\/v2\/comments?post=9678"}],"version-history":[{"count":66,"href":"https:\/\/gyg-sucesores.com\/wordpress\/index.php\/wp-json\/wp\/v2\/pages\/9678\/revisions"}],"predecessor-version":[{"id":10657,"href":"https:\/\/gyg-sucesores.com\/wordpress\/index.php\/wp-json\/wp\/v2\/pages\/9678\/revisions\/10657"}],"wp:attachment":[{"href":"https:\/\/gyg-sucesores.com\/wordpress\/index.php\/wp-json\/wp\/v2\/media?parent=9678"}],"curies":[{"name":"wp","href":"https:\/\/api.w.org\/{rel}","templated":true}]}}