{"id":10075,"date":"2024-02-10T01:12:28","date_gmt":"2024-02-10T01:12:28","guid":{"rendered":"https:\/\/gyg-sucesores.com\/wordpress\/?page_id=10075"},"modified":"2024-10-24T21:15:27","modified_gmt":"2024-10-24T21:15:27","slug":"productos-julabo-2","status":"publish","type":"page","link":"https:\/\/gyg-sucesores.com\/wordpress\/index.php\/productos-julabo-2\/","title":{"rendered":"Productos Scientific Industries"},"content":{"rendered":"<section class=\"wpb-content-wrapper\"><p>[vc_row][vc_column width=&#8221;1\/2&#8243;][vc_single_image image=&#8221;9988&#8243; img_size=&#8221;full&#8221; alignment=&#8221;center&#8221;][\/vc_column][vc_column width=&#8221;1\/2&#8243;][vc_column_text font_size=&#8221;0&#8243; line_height=&#8221;0&#8243; letter_spacing=&#8221;&#8221;][\/vc_column_text][vc_column_text font_size=&#8221;0&#8243; line_height=&#8221;0&#8243; letter_spacing=&#8221;&#8221; font_color=&#8221;#0a0a0a&#8221;]<\/p>\n<h3 style=\"text-align: center;\">Equipos de la marca Scientific Industries<\/h3>\n<p>[\/vc_column_text][\/vc_column][\/vc_row][vc_row][vc_column width=&#8221;1\/4&#8243;][vc_column_text]<\/p>\n<p style=\"text-align: center;\"><strong>Vortex<\/strong><\/p>\n<p>[\/vc_column_text][vc_column_text]<span style=\"color: #ffffff;\">&#8211;<\/span>[\/vc_column_text][vc_single_image image=&#8221;10270&#8243; img_size=&#8221;full&#8221; alignment=&#8221;center&#8221; onclick=&#8221;custom_link&#8221; link=&#8221;https:\/\/www.scientificindustries.com\/votrex-mixers-and-shakers\/vortex-shakers.html&#8221;][vc_column_text]<span style=\"color: #ffffff;\">&#8211;<\/span>[\/vc_column_text][vc_column_text]<span style=\"color: #ffffff;\">&#8211;<\/span>[\/vc_column_text][vc_column_text]<span style=\"color: #ffffff;\">&#8211;<\/span>[\/vc_column_text][\/vc_column][vc_column width=&#8221;1\/4&#8243;][vc_column_text]<\/p>\n<p style=\"text-align: center;\"><strong>Batidor de perlas \/ Homogeneizador<\/strong><\/p>\n<p>[\/vc_column_text][vc_column_text]<span style=\"color: #ffffff;\">&#8211;<\/span>[\/vc_column_text][vc_single_image image=&#8221;10272&#8243; img_size=&#8221;full&#8221; alignment=&#8221;center&#8221; onclick=&#8221;custom_link&#8221; link=&#8221;https:\/\/www.scientificindustries.com\/votrex-mixers-and-shakers\/bead-beaters.html&#8221;][\/vc_column][vc_column width=&#8221;1\/4&#8243;][vc_column_text]<\/p>\n<p style=\"text-align: center;\"><strong>Mezcladores Vortex de gran capacidad<\/strong><\/p>\n<p>[\/vc_column_text][vc_column_text]<span style=\"color: #ffffff;\">&#8211;<\/span>[\/vc_column_text][vc_single_image image=&#8221;10274&#8243; img_size=&#8221;full&#8221; alignment=&#8221;center&#8221; onclick=&#8221;custom_link&#8221; link=&#8221;https:\/\/www.scientificindustries.com\/votrex-mixers-and-shakers\/large-capacity-vortex-mixers.html&#8221;][\/vc_column][vc_column width=&#8221;1\/4&#8243;][vc_column_text]<\/p>\n<p style=\"text-align: center;\"><strong>Agitadores de Microplacas<\/strong><\/p>\n<p>[\/vc_column_text][vc_column_text]<span style=\"color: #ffffff;\">&#8211;<\/span>[\/vc_column_text][vc_single_image image=&#8221;10276&#8243; img_size=&#8221;full&#8221; alignment=&#8221;center&#8221; onclick=&#8221;custom_link&#8221; link=&#8221;https:\/\/www.scientificindustries.com\/votrex-mixers-and-shakers\/microplate-shakers.html&#8221;][\/vc_column][\/vc_row][vc_row][vc_column width=&#8221;1\/4&#8243;][vc_column_text]<\/p>\n<p style=\"text-align: center;\"><strong>Agitadores Orbitales<\/strong><\/p>\n<p>[\/vc_column_text][vc_column_text]<span style=\"color: #ffffff;\">&#8211;<\/span>[\/vc_column_text][vc_single_image image=&#8221;10278&#8243; img_size=&#8221;full&#8221; alignment=&#8221;center&#8221; onclick=&#8221;custom_link&#8221; link=&#8221;https:\/\/www.scientificindustries.com\/votrex-mixers-and-shakers\/orbital-shakers.html&#8221;][vc_column_text]<span style=\"color: #ffffff;\">&#8211;<\/span>[\/vc_column_text][vc_column_text]<span style=\"color: #ffffff;\">&#8211;<\/span>[\/vc_column_text][vc_column_text]<span style=\"color: #ffffff;\">&#8211;<\/span>[\/vc_column_text][\/vc_column][vc_column width=&#8221;1\/4&#8243;][vc_column_text]<\/p>\n<p style=\"text-align: center;\"><strong>Disruptores Celulares<\/strong><\/p>\n<p>[\/vc_column_text][vc_column_text]<span style=\"color: #ffffff;\">&#8211;<\/span>[\/vc_column_text][vc_single_image image=&#8221;10279&#8243; img_size=&#8221;full&#8221; alignment=&#8221;center&#8221; onclick=&#8221;custom_link&#8221; link=&#8221;https:\/\/www.scientificindustries.com\/votrex-mixers-and-shakers\/cell-disruptors.html&#8221;][\/vc_column][vc_column width=&#8221;1\/4&#8243;][vc_column_text]<\/p>\n<p style=\"text-align: center;\"><strong>Mini Centr\u00edfuga<\/strong><\/p>\n<p>[\/vc_column_text][vc_column_text]<span style=\"color: #ffffff;\">&#8211;<\/span>[\/vc_column_text][vc_column_text font_color=&#8221;#ffffff&#8221;]<\/p>\n<p style=\"text-align: center;\"><strong>Mini Centr\u00edfuga<\/strong><\/p>\n<p>[\/vc_column_text][vc_single_image image=&#8221;10281&#8243; img_size=&#8221;full&#8221; alignment=&#8221;center&#8221; onclick=&#8221;custom_link&#8221; link=&#8221;https:\/\/www.scientificindustries.com\/wizard-mini-fuge.html&#8221;][\/vc_column][vc_column width=&#8221;1\/4&#8243;][vc_column_text]<\/p>\n<p style=\"text-align: center;\"><strong>Agitadores de Temperatura Orbitales<\/strong><\/p>\n<p>[\/vc_column_text][vc_column_text]<span style=\"color: #ffffff;\">&#8211;<\/span>[\/vc_column_text][vc_single_image image=&#8221;10282&#8243; img_size=&#8221;full&#8221; alignment=&#8221;center&#8221; onclick=&#8221;custom_link&#8221; link=&#8221;https:\/\/www.scientificindustries.com\/rockers-incubators\/orbital-temp-shakers.html&#8221;][\/vc_column][\/vc_row][vc_row][vc_column width=&#8221;1\/4&#8243;][vc_column_text]<\/p>\n<p style=\"text-align: center;\"><strong>Agitadores Incubadores<\/strong><\/p>\n<p>[\/vc_column_text][vc_column_text]<span style=\"color: #ffffff;\">&#8211;<\/span>[\/vc_column_text][vc_single_image image=&#8221;10284&#8243; img_size=&#8221;full&#8221; alignment=&#8221;center&#8221; onclick=&#8221;custom_link&#8221; link=&#8221;https:\/\/www.scientificindustries.com\/rockers-incubators\/incubators-refrigerators.html&#8221;][vc_column_text]<span style=\"color: #ffffff;\">&#8211;<\/span>[\/vc_column_text][vc_column_text]<span style=\"color: #ffffff;\">&#8211;<\/span>[\/vc_column_text][vc_column_text]<span style=\"color: #ffffff;\">&#8211;<\/span>[\/vc_column_text][\/vc_column][vc_column width=&#8221;1\/4&#8243;][vc_column_text]<\/p>\n<p style=\"text-align: center;\"><strong>Rotadores \/ Balancines<\/strong><\/p>\n<p>[\/vc_column_text][vc_column_text]<span style=\"color: #ffffff;\">&#8211;<\/span>[\/vc_column_text][vc_single_image image=&#8221;10285&#8243; img_size=&#8221;full&#8221; alignment=&#8221;center&#8221; onclick=&#8221;custom_link&#8221; link=&#8221;https:\/\/www.scientificindustries.com\/rockers-incubators\/rotators-rockers.html&#8221;][\/vc_column][vc_column width=&#8221;1\/4&#8243;][vc_column_text]<\/p>\n<p style=\"text-align: center;\"><strong>Agitador Magn\u00e9tico posici\u00f3n \u00fanica<\/strong><\/p>\n<p>[\/vc_column_text][vc_column_text]<span style=\"color: #ffffff;\">&#8211;<\/span>[\/vc_column_text][vc_single_image image=&#8221;10287&#8243; img_size=&#8221;medium&#8221; alignment=&#8221;center&#8221; onclick=&#8221;custom_link&#8221; link=&#8221;https:\/\/www.scientificindustries.com\/magnetic-stirrers\/magstir-genie.html&#8221;][\/vc_column][vc_column width=&#8221;1\/4&#8243;][vc_column_text]<\/p>\n<p style=\"text-align: center;\"><strong>Agitador Magn\u00e9tico de 4 posiciones<\/strong><\/p>\n<p>[\/vc_column_text][vc_column_text font_color=&#8221;#ffffff&#8221;]<\/p>\n<p style=\"text-align: center;\"><strong>Rotadores \/ Balancines<\/strong><\/p>\n<p>[\/vc_column_text][vc_single_image image=&#8221;10288&#8243; img_size=&#8221;full&#8221; alignment=&#8221;center&#8221; onclick=&#8221;custom_link&#8221; link=&#8221;https:\/\/www.scientificindustries.com\/magnetic-stirrers\/multimagstir-genie.html&#8221;][\/vc_column][\/vc_row][vc_row][vc_column width=&#8221;1\/4&#8243;][vc_column_text]<\/p>\n<p style=\"text-align: center;\"><strong>Agitador Magn\u00e9tico de gran capacidad<\/strong><\/p>\n<p>[\/vc_column_text][vc_column_text]<span style=\"color: #ffffff;\">&#8211;<\/span>[\/vc_column_text][vc_single_image image=&#8221;10292&#8243; img_size=&#8221;medium&#8221; alignment=&#8221;center&#8221; onclick=&#8221;custom_link&#8221; link=&#8221;https:\/\/www.scientificindustries.com\/magnetic-stirrers\/megamag-genie.html&#8221;][vc_column_text]<span style=\"color: #ffffff;\">&#8211;<\/span>[\/vc_column_text][vc_column_text]<span style=\"color: #ffffff;\">&#8211;<\/span>[\/vc_column_text][vc_column_text]<span style=\"color: #ffffff;\">&#8211;<\/span>[\/vc_column_text][\/vc_column][vc_column width=&#8221;1\/4&#8243;][vc_column_text]<\/p>\n<p style=\"text-align: center;\"><strong>Agitador Magn\u00e9tico robusto de 4 posiciones<\/strong><\/p>\n<p>[\/vc_column_text][vc_column_text]<span style=\"color: #ffffff;\">&#8211;<\/span>[\/vc_column_text][vc_single_image image=&#8221;10294&#8243; img_size=&#8221;medium&#8221; alignment=&#8221;center&#8221; onclick=&#8221;custom_link&#8221; link=&#8221;https:\/\/www.scientificindustries.com\/magnetic-stirrers\/quadmag-genie.html&#8221;][\/vc_column][vc_column width=&#8221;1\/4&#8243;][vc_column_text]<\/p>\n<p style=\"text-align: center;\"><strong>Balanzas de Precisi\u00f3n<\/strong><\/p>\n<p>[\/vc_column_text][vc_column_text]<span style=\"color: #ffffff;\">&#8211;<\/span>[\/vc_column_text][vc_column_text font_color=&#8221;#ffffff&#8221;]<\/p>\n<p style=\"text-align: center;\"><strong>Balanzas de Precisi\u00f3n<\/strong><\/p>\n<p>[\/vc_column_text][vc_single_image image=&#8221;10297&#8243; img_size=&#8221;medium&#8221; alignment=&#8221;center&#8221; onclick=&#8221;custom_link&#8221; link=&#8221;https:\/\/www.scientificindustries.com\/laboratory-balances\/precision-scales.html&#8221;][\/vc_column][vc_column width=&#8221;1\/4&#8243;][vc_column_text]<\/p>\n<p style=\"text-align: center;\"><strong>Balanzas Analiticas<\/strong><\/p>\n<p>[\/vc_column_text][vc_column_text]<span style=\"color: #ffffff;\">&#8211;<\/span>[\/vc_column_text][vc_single_image image=&#8221;10299&#8243; img_size=&#8221;medium&#8221; alignment=&#8221;center&#8221; onclick=&#8221;custom_link&#8221; link=&#8221;https:\/\/www.scientificindustries.com\/laboratory-balances\/analytical-balances.html&#8221;][\/vc_column][\/vc_row][vc_row][vc_column width=&#8221;1\/4&#8243;][vc_column_text]<\/p>\n<p style=\"text-align: center;\"><strong>Balanzas de Farmacia<\/strong><\/p>\n<p>[\/vc_column_text][vc_column_text]<span style=\"color: #ffffff;\">&#8211;<\/span>[\/vc_column_text][vc_single_image image=&#8221;10302&#8243; img_size=&#8221;medium&#8221; alignment=&#8221;center&#8221; onclick=&#8221;custom_link&#8221; link=&#8221;https:\/\/www.scientificindustries.com\/laboratory-balances\/pharmacy-balances.html&#8221;][vc_column_text]<span style=\"color: #ffffff;\">&#8211;<\/span>[\/vc_column_text][vc_column_text]<span style=\"color: #ffffff;\">&#8211;<\/span>[\/vc_column_text][vc_column_text]<span style=\"color: #ffffff;\">&#8211;<\/span>[\/vc_column_text][\/vc_column][vc_column width=&#8221;1\/4&#8243;][vc_column_text]<\/p>\n<p style=\"text-align: center;\"><strong>Contador de pastillas y tabletas<\/strong><\/p>\n<p>[\/vc_column_text][vc_column_text]<span style=\"color: #ffffff;\">&#8211;<\/span>[\/vc_column_text][vc_single_image image=&#8221;10304&#8243; img_size=&#8221;medium&#8221; alignment=&#8221;center&#8221; onclick=&#8221;custom_link&#8221; link=&#8221;https:\/\/www.scientificindustries.com\/laboratory-balances\/pill-counters.html&#8221;][\/vc_column][vc_column width=&#8221;1\/4&#8243;][vc_column_text]<\/p>\n<p style=\"text-align: center;\"><strong>Dinam\u00f3metros de alta precisi\u00f3n<\/strong><\/p>\n<p>\u00a0[\/vc_column_text][vc_column_text]<span style=\"color: #ffffff;\">&#8211;<\/span>[\/vc_column_text][vc_single_image image=&#8221;10306&#8243; img_size=&#8221;medium&#8221; alignment=&#8221;center&#8221; onclick=&#8221;custom_link&#8221; link=&#8221;https:\/\/www.scientificindustries.com\/force-gauges\/precision.html&#8221;][\/vc_column][vc_column width=&#8221;1\/4&#8243;][vc_column_text]<\/p>\n<p style=\"text-align: center;\"><strong>Dinam\u00f3metros de alta precisi\u00f3n y rendimiento superior<\/strong><\/p>\n<p>[\/vc_column_text][vc_column_text]<span style=\"color: #ffffff;\">&#8211;<\/span>[\/vc_column_text][vc_single_image image=&#8221;10308&#8243; img_size=&#8221;medium&#8221; alignment=&#8221;center&#8221; onclick=&#8221;custom_link&#8221; link=&#8221;https:\/\/www.scientificindustries.com\/force-gauges\/professional.html&#8221;][\/vc_column][\/vc_row][vc_row][vc_column width=&#8221;1\/4&#8243;][vc_column_text]<\/p>\n<p style=\"text-align: center;\"><strong>Medidor de calibre de torque de tapa<\/strong><\/p>\n<p>[\/vc_column_text][vc_column_text]<span style=\"color: #ffffff;\">&#8211;<\/span>[\/vc_column_text][vc_column_text]<span style=\"color: #ffffff;\">&#8211;<\/span>[\/vc_column_text][vc_single_image image=&#8221;10309&#8243; img_size=&#8221;medium&#8221; alignment=&#8221;center&#8221; onclick=&#8221;custom_link&#8221; link=&#8221;https:\/\/www.scientificindustries.com\/force-gauges\/torque.html&#8221;][vc_column_text]<span style=\"color: #ffffff;\">&#8211;<\/span>[\/vc_column_text][vc_column_text]<span style=\"color: #ffffff;\">&#8211;<\/span>[\/vc_column_text][\/vc_column][vc_column width=&#8221;1\/4&#8243;][vc_column_text]<\/p>\n<p style=\"text-align: center;\"><strong>Bancos de Prueba<\/strong><\/p>\n<p>[\/vc_column_text][vc_column_text]<span style=\"color: #ffffff;\">&#8211;<\/span>[\/vc_column_text][vc_single_image image=&#8221;10311&#8243; img_size=&#8221;medium&#8221; alignment=&#8221;center&#8221; onclick=&#8221;custom_link&#8221; link=&#8221;https:\/\/www.scientificindustries.com\/force-gauges\/test-stands.html&#8221;][\/vc_column][vc_column width=&#8221;1\/4&#8243;][vc_column_text]<\/p>\n<p style=\"text-align: center;\"><strong>Analizadores de humedad<\/strong><\/p>\n<p>[\/vc_column_text][vc_column_text font_color=&#8221;#ffffff&#8221;]<\/p>\n<p style=\"text-align: center;\"><strong>Medidor de calibre de torque de tapa<\/strong><\/p>\n<p>[\/vc_column_text][vc_single_image image=&#8221;10316&#8243; img_size=&#8221;full&#8221; alignment=&#8221;center&#8221; onclick=&#8221;custom_link&#8221; link=&#8221;https:\/\/www.scientificindustries.com\/laboratory-balances\/moisture-analyzers.html&#8221;][\/vc_column][\/vc_row]<\/p>\n<\/section>","protected":false},"excerpt":{"rendered":"<p>[vc_row][vc_column width=&#8221;1\/2&#8243;][vc_single_image image=&#8221;9988&#8243; img_size=&#8221;full&#8221; alignment=&#8221;center&#8221;][\/vc_column][vc_column width=&#8221;1\/2&#8243;][vc_column_text font_size=&#8221;0&#8243; line_height=&#8221;0&#8243; letter_spacing=&#8221;&#8221;][\/vc_column_text][vc_column_text font_size=&#8221;0&#8243; line_height=&#8221;0&#8243; letter_spacing=&#8221;&#8221; font_color=&#8221;#0a0a0a&#8221;] Equipos de la marca Scientific Industries [\/vc_column_text][\/vc_column][\/vc_row][vc_row][vc_column width=&#8221;1\/4&#8243;][vc_column_text] Vortex [\/vc_column_text][vc_column_text]&#8211;[\/vc_column_text][vc_single_image image=&#8221;10270&#8243; img_size=&#8221;full&#8221; alignment=&#8221;center&#8221; onclick=&#8221;custom_link&#8221; link=&#8221;https:\/\/www.scientificindustries.com\/votrex-mixers-and-shakers\/vortex-shakers.html&#8221;][vc_column_text]&#8211;[\/vc_column_text][vc_column_text]&#8211;[\/vc_column_text][vc_column_text]&#8211;[\/vc_column_text][\/vc_column][vc_column width=&#8221;1\/4&#8243;][vc_column_text] Batidor de perlas \/ Homogeneizador [\/vc_column_text][vc_column_text]&#8211;[\/vc_column_text][vc_single_image image=&#8221;10272&#8243; img_size=&#8221;full&#8221; alignment=&#8221;center&#8221; onclick=&#8221;custom_link&#8221; link=&#8221;https:\/\/www.scientificindustries.com\/votrex-mixers-and-shakers\/bead-beaters.html&#8221;][\/vc_column][vc_column width=&#8221;1\/4&#8243;][vc_column_text] Mezcladores Vortex de gran capacidad [\/vc_column_text][vc_column_text]&#8211;[\/vc_column_text][vc_single_image image=&#8221;10274&#8243; img_size=&#8221;full&#8221; alignment=&#8221;center&#8221; onclick=&#8221;custom_link&#8221; link=&#8221;https:\/\/www.scientificindustries.com\/votrex-mixers-and-shakers\/large-capacity-vortex-mixers.html&#8221;][\/vc_column][vc_column width=&#8221;1\/4&#8243;][vc_column_text] Agitadores de [&hellip;]<\/p>\n","protected":false},"author":1,"featured_media":0,"parent":0,"menu_order":0,"comment_status":"closed","ping_status":"closed","template":"","meta":{"footnotes":""},"class_list":["post-10075","page","type-page","status-publish","hentry"],"_links":{"self":[{"href":"https:\/\/gyg-sucesores.com\/wordpress\/index.php\/wp-json\/wp\/v2\/pages\/10075","targetHints":{"allow":["GET"]}}],"collection":[{"href":"https:\/\/gyg-sucesores.com\/wordpress\/index.php\/wp-json\/wp\/v2\/pages"}],"about":[{"href":"https:\/\/gyg-sucesores.com\/wordpress\/index.php\/wp-json\/wp\/v2\/types\/page"}],"author":[{"embeddable":true,"href":"https:\/\/gyg-sucesores.com\/wordpress\/index.php\/wp-json\/wp\/v2\/users\/1"}],"replies":[{"embeddable":true,"href":"https:\/\/gyg-sucesores.com\/wordpress\/index.php\/wp-json\/wp\/v2\/comments?post=10075"}],"version-history":[{"count":37,"href":"https:\/\/gyg-sucesores.com\/wordpress\/index.php\/wp-json\/wp\/v2\/pages\/10075\/revisions"}],"predecessor-version":[{"id":10626,"href":"https:\/\/gyg-sucesores.com\/wordpress\/index.php\/wp-json\/wp\/v2\/pages\/10075\/revisions\/10626"}],"wp:attachment":[{"href":"https:\/\/gyg-sucesores.com\/wordpress\/index.php\/wp-json\/wp\/v2\/media?parent=10075"}],"curies":[{"name":"wp","href":"https:\/\/api.w.org\/{rel}","templated":true}]}}