{"id":10060,"date":"2024-02-09T22:47:56","date_gmt":"2024-02-09T22:47:56","guid":{"rendered":"https:\/\/gyg-sucesores.com\/wordpress\/?page_id=10060"},"modified":"2024-10-28T20:06:48","modified_gmt":"2024-10-28T20:06:48","slug":"productos-fisher","status":"publish","type":"page","link":"https:\/\/gyg-sucesores.com\/wordpress\/index.php\/productos-fisher\/","title":{"rendered":"Productos Fisher"},"content":{"rendered":"<section class=\"wpb-content-wrapper\"><p>[vc_row][vc_column width=&#8221;1\/2&#8243;][vc_single_image image=&#8221;9983&#8243; img_size=&#8221;medium&#8221; alignment=&#8221;center&#8221;][\/vc_column][vc_column width=&#8221;1\/2&#8243;][vc_column_text font_size=&#8221;0&#8243; line_height=&#8221;0&#8243; letter_spacing=&#8221;&#8221;][\/vc_column_text][vc_column_text]<\/p>\n<h3 style=\"text-align: center;\">Productos de la marca Fisher Scientific<\/h3>\n<p>[\/vc_column_text][\/vc_column][\/vc_row][vc_row][vc_column width=&#8221;1\/3&#8243;][vc_single_image image=&#8221;10221&#8243; img_size=&#8221;full&#8221; alignment=&#8221;center&#8221; onclick=&#8221;custom_link&#8221; link=&#8221;https:\/\/www.fishersci.com\/us\/en\/home.html&#8221;][vc_single_image image=&#8221;10222&#8243; img_size=&#8221;full&#8221; alignment=&#8221;center&#8221; onclick=&#8221;custom_link&#8221; link=&#8221;https:\/\/www.fishersci.com\/us\/en\/home.html&#8221;][vc_single_image image=&#8221;10224&#8243; img_size=&#8221;full&#8221; alignment=&#8221;center&#8221; onclick=&#8221;custom_link&#8221; link=&#8221;https:\/\/www.fishersci.com\/us\/en\/home.html&#8221;][vc_column_text]<span style=\"color: #ffffff;\">&#8211;<\/span>[\/vc_column_text][vc_single_image image=&#8221;10227&#8243; img_size=&#8221;full&#8221; alignment=&#8221;center&#8221; onclick=&#8221;custom_link&#8221;][vc_row_inner][vc_column_inner][\/vc_column_inner][\/vc_row_inner][vc_column_text]<span style=\"color: #ffffff;\">&#8211;<\/span>[\/vc_column_text][vc_row_inner][vc_column_inner][vc_single_image image=&#8221;10229&#8243; img_size=&#8221;full&#8221; alignment=&#8221;center&#8221; onclick=&#8221;custom_link&#8221; link=&#8221;https:\/\/www.fishersci.com\/us\/en\/home.html&#8221;][vc_column_text]<span style=\"color: #ffffff;\">&#8211;<\/span>[\/vc_column_text][\/vc_column_inner][\/vc_row_inner][\/vc_column][vc_column width=&#8221;1\/3&#8243;][vc_column_text font_color=&#8221;#000000&#8243;]<\/p>\n<h5 style=\"text-align: center;\"><strong>EQUIPOS E INSTRUMENTOS<\/strong><\/h5>\n<p>[\/vc_column_text][cesis_line_divider][vc_column_text]<\/p>\n<ul>\n<li><a href=\"https:\/\/www.fishersci.com\/us\/en\/browse\/90165051\/Balances-and-Scales?searchHijack=true\">Balanzas y B\u00e1sculas<\/a><\/li>\n<li><a href=\"https:\/\/www.fishersci.com\/us\/en\/browse\/90088063\/Baths?searchType=typeahead\">Ba\u00f1os<\/a><\/li>\n<li><a href=\"https:\/\/www.fishersci.com\/us\/en\/browse\/90198025\/Dataloggers-and-Recorders?searchHijack=true\">Dataloggers y Registradores<\/a><\/li>\n<li><a href=\"https:\/\/www.fishersci.com\/us\/en\/browse\/90106013\/Cold-Storage-Products?searchHijack=true\">Productos de almacenamiento en fr\u00edo<\/a><\/li>\n<li><a href=\"https:\/\/www.fishersci.com\/us\/en\/browse\/90184205\/Dissection-Equipment?searchHijack=true\">Equipo de disecci\u00f3n<\/a><\/li>\n<li><a href=\"https:\/\/www.fishersci.com\/us\/en\/browse\/90226004\/Education-Supplies?searchHijack=true\">Suministros Educativos<\/a><\/li>\n<li><a href=\"https:\/\/www.fishersci.com\/us\/en\/browse\/90184259\/Environmental-Samplers?searchHijack=true\">Muestreadores ambientales<\/a><\/li>\n<li><a href=\"https:\/\/www.fishersci.com\/us\/en\/browse\/90206024\/Extraction-Systems?searchHijack=true\">Sistemas de Extracci\u00f3n<\/a><\/li>\n<li><a href=\"https:\/\/www.fishersci.com\/us\/en\/browse\/90200079\/Furniture?searchHijack=true\">Muebles<\/a><\/li>\n<li><a href=\"https:\/\/www.fishersci.com\/us\/en\/browse\/90094145\/Burettes?searchHijack=true\">Buretas<\/a><\/li>\n<li><a href=\"https:\/\/www.fishersci.com\/us\/en\/browse\/90094163\/Carboys?searchHijack=true\">Garrafas<\/a><\/li>\n<li><a href=\"https:\/\/www.fishersci.com\/us\/en\/browse\/90126155\/Gases-and-Gas-Accessories?searchHijack=true\">Gases y Accesorios de Gas<\/a><\/li>\n<li><a href=\"https:\/\/www.fishersci.com\/us\/en\/browse\/90158008\/Gel-Electrophoresis-Equipment-and-Supplies?searchHijack=true\">Equipos y suministros de electroforesis en gel<\/a><\/li>\n<li><a href=\"https:\/\/www.fishersci.com\/us\/en\/browse\/90198038\/Glassware-Washers-and-Cleaners?searchHijack=true\">Lavadoras y limpiadoras de cristaler\u00eda<\/a><\/li>\n<li><a href=\"https:\/\/www.fishersci.com\/us\/en\/browse\/90056015\/Heaters-and-Heating-Mantles?searchHijack=true\">Calentadores y mantas calefactoras<\/a><\/li>\n<li><a href=\"https:\/\/www.fishersci.com\/us\/en\/browse\/90215035\/Histology-and-Cytology?searchHijack=true\">Histolog\u00eda y Citolog\u00eda<\/a><\/li>\n<li><a href=\"https:\/\/www.fishersci.com\/us\/en\/browse\/90088057\/Hotplates-and-Stirrers?searchHijack=true\">Placas de Calentamiento y Agitadores<\/a><\/li>\n<li><a href=\"https:\/\/www.fishersci.com\/us\/en\/browse\/90151009\/Humidity-and-Hygrometry?searchHijack=true\">Humedad e Higr\u00f3metros<\/a><\/li>\n<li><a href=\"https:\/\/www.fishersci.com\/us\/en\/browse\/90088059\/Incubators?searchHijack=true\">Incubadoras<\/a><\/li>\n<li><a href=\"https:\/\/www.fishersci.com\/us\/en\/browse\/90150352\/Industrial-Hygiene-and-Environmental-Monitoring?searchHijack=true\">Higiene Industrial y Vigilancia Ambiental<\/a><\/li>\n<li><a href=\"https:\/\/www.fishersci.com\/us\/en\/browse\/90198051\/Sterilizers-and-Autoclaves?searchHijack=true\">Esterilizadores<\/a><\/li>\n<li><a href=\"https:\/\/www.fishersci.com\/us\/en\/browse\/90184247\/Surgical-Tools?searchHijack=true\">Herramientas Quir\u00fargicas<\/a><\/li>\n<li><a href=\"https:\/\/www.fishersci.com\/us\/en\/browse\/90094254\/Tanks?searchHijack=true\">Tanques<\/a><\/li>\n<li><a href=\"https:\/\/www.fishersci.com\/us\/en\/browse\/90198073\/Task-Lighting?searchHijack=true\">Tareas de Iluminaci\u00f3n<\/a><\/li>\n<li><a href=\"https:\/\/www.fishersci.com\/us\/en\/browse\/90151121\/Thermometers-and-Temperature-Measurement?searchHijack=true\">Term\u00f3metros y Medici\u00f3n de Temperatura<\/a><\/li>\n<li><a href=\"https:\/\/www.fishersci.com\/us\/en\/browse\/90151138\/timekeeping.html\">Temporizadores<\/a><\/li>\n<li><a href=\"https:\/\/www.fishersci.com\/us\/en\/browse\/90151021\/pH-and-Electrochemistry?searchHijack=true\">pH y Electroqu\u00edmica<\/a><\/li>\n<\/ul>\n<p>[\/vc_column_text][vc_column_text font_color=&#8221;#0a0a0a&#8221;]<\/p>\n<h5 style=\"text-align: center;\"><strong>CONSUMIBLES<\/strong><\/h5>\n<p>[\/vc_column_text][cesis_line_divider][vc_column_text]<\/p>\n<ul>\n<li><a href=\"https:\/\/www.fishersci.com\/us\/en\/browse\/90184173\/Cell-Culture-Utensils?searchHijack=true\">Utensilios de cultivo celular<\/a><\/li>\n<li><a href=\"https:\/\/www.fishersci.com\/us\/en\/browse\/90126197\/Chromatography-Columns-and-Cartridges?searchHijack=true\">Columnas y cartuchos de cromatograf\u00eda<\/a><\/li>\n<li><a href=\"https:\/\/www.fishersci.com\/us\/en\/browse\/90126143\/Chromatography-Syringes?searchHijack=true\">Jeringas de cromatograf\u00eda<\/a><\/li>\n<li><a href=\"https:\/\/www.fishersci.com\/us\/en\/browse\/90094175\/Cuvets-and-Cells?searchHijack=true\">Cubetas y Celdas<\/a><\/li>\n<li><a href=\"https:\/\/www.fishersci.com\/us\/en\/browse\/90094192\/Cylinders?searchHijack=true\">Cilindros<\/a><\/li>\n<li><a href=\"https:\/\/www.fishersci.com\/us\/en\/browse\/90421006\/Film-and-Foil-Wrapping-and-Accessories?searchHijack=true\">Envoltura de pel\u00edcula y papel de aluminio<\/a><\/li>\n<li><a href=\"https:\/\/www.fishersci.com\/us\/en\/catalog\/search\/products?keyword=filtration\">Filtros y Filtraci\u00f3n<\/a><\/li>\n<li><a href=\"https:\/\/www.fishersci.com\/us\/en\/browse\/90111009\/Flasks?searchHijack=true\">Frascos<\/a><\/li>\n<li><a href=\"https:\/\/www.fishersci.com\/us\/en\/browse\/90094007\/Beakers-and-Lids?searchHijack=true\">Vasos de precipitados y tapas<\/a><\/li>\n<li><a href=\"https:\/\/www.fishersci.com\/us\/en\/browse\/90086019\/Boxes?searchHijack=true\">Cajas<\/a><\/li>\n<\/ul>\n<p>[\/vc_column_text][vc_column_text font_color=&#8221;#0a0a0a&#8221;]<\/p>\n<h5 style=\"text-align: center;\"><strong>QUIMICOS Y REACTIVOS<\/strong><\/h5>\n<p>[\/vc_column_text][cesis_line_divider][vc_column_text]<\/p>\n<ul>\n<li><a href=\"https:\/\/www.fishersci.com\/us\/en\/browse\/80013460\/Biochemical-Reagents?searchHijack=true\">Reactivos Bioquimicos<\/a><\/li>\n<li><a href=\"https:\/\/www.fishersci.com\/us\/en\/browse\/80013461\/Buffers-and-Standards?searchHijack=true\">Buffers y est\u00e1ndares<\/a><\/li>\n<li><a href=\"https:\/\/www.fishersci.com\/us\/en\/browse\/80013462\/Chemicals?searchHijack=true\">Qu\u00edmicos<\/a><\/li>\n<li><a href=\"https:\/\/www.fishersci.com\/us\/en\/browse\/90445016\/Cell-Culture-Media-Supplements-and-Reagents?searchHijack=true\">Medios de cultivo celular, suplementos y reactivos<\/a><\/li>\n<\/ul>\n<p>[\/vc_column_text][\/vc_column][vc_column width=&#8221;1\/3&#8243;][vc_column_text font_color=&#8221;#ffffff&#8221;]<\/p>\n<h5>AA<\/h5>\n<p>[\/vc_column_text][cesis_line_divider color=&#8221;#ffffff&#8221;][vc_column_text]<\/p>\n<ul>\n<li><a href=\"https:\/\/www.fishersci.com\/us\/en\/browse\/90206046\/Flow-Analysis?searchHijack=true\">An\u00e1lisis de flujo<\/a><\/li>\n<li><a href=\"https:\/\/www.fishersci.com\/us\/en\/browse\/90165011\/Animal-Care-and-Research?searchHijack=true\">Investigaci\u00f3n y cuidado de animales<\/a><\/li>\n<li><a href=\"https:\/\/www.fishersci.com\/us\/en\/browse\/90215013\/Autopsy-Supplies?searchHijack=true\">Suministros de autopsia<\/a><\/li>\n<li><a href=\"https:\/\/www.fishersci.com\/us\/en\/browse\/90220079\/Bioprocess-Systems-and-Accessories?searchHijack=true\">Sistemas y accesorios de bioprocesos<\/a><\/li>\n<li><a href=\"https:\/\/www.fishersci.com\/us\/en\/browse\/90220160\/Blood-Hematology-and-Coagulation-\">Productos an\u00e1lisis de sangre, hematolog\u00eda y coagulaci\u00f3n<\/a><\/li>\n<li><a href=\"https:\/\/www.fishersci.com\/us\/en\/browse\/90088055\/Burners-and-Lighters?searchHijack=true\">Quemadores y Encendedores<\/a><\/li>\n<li><a href=\"https:\/\/www.fishersci.com\/us\/en\/browse\/90126085\/Chromatography-Supplies?searchHijack=true\">Suministros de cromatograf\u00eda<\/a><\/li>\n<li><a href=\"https:\/\/www.fishersci.com\/us\/en\/browse\/90184187\/Clamps-and-Supports?searchHijack=true\">Abrazaderas y Soportes<\/a><\/li>\n<li><a href=\"https:\/\/www.fishersci.com\/us\/en\/browse\/90179043\/Desiccators?searchHijack=true\">Desecadores<\/a><\/li>\n<li><a href=\"https:\/\/www.fishersci.com\/us\/en\/browse\/90111005\/Dishes?searchHijack=true\">Platos<\/a><\/li>\n<li><a href=\"https:\/\/www.fishersci.com\/us\/en\/browse\/90140017\/Dispensers?searchHijack=true\">Dispensadores<\/a><\/li>\n<li><a href=\"https:\/\/www.fishersci.com\/us\/en\/browse\/90086035\/Mailing-and-Shipping-Products?searchHijack=true\">Productos de correo y env\u00edo<\/a><\/li>\n<li><a href=\"https:\/\/www.fishersci.com\/us\/en\/browse\/90227247\/Materials-Testing-Instruments?searchHijack=true\">Instrumentos de prueba de materiales<\/a><\/li>\n<li><a href=\"https:\/\/www.fishersci.com\/us\/en\/browse\/90179087\/Mixers?searchHijack=true\">Mezcladores<\/a><\/li>\n<li><a href=\"https:\/\/www.fishersci.com\/us\/en\/browse\/90088061\/Ovens-and-Furnaces?searchHijack=true\">Hornos y Muflas<\/a><\/li>\n<li><a href=\"https:\/\/www.fishersci.com\/us\/en\/browse\/90169026\/Partition-Chromatography?searchHijack=true\">Cromatograf\u00eda de partici\u00f3n<\/a><\/li>\n<li><a href=\"https:\/\/www.fishersci.com\/us\/en\/browse\/90136014\/Personal-Protective-Equipment?searchHijack=true\">Equipo de protecci\u00f3n personal<\/a><\/li>\n<li><a href=\"https:\/\/www.fishersci.com\/us\/en\/browse\/90140095\/Pipettes?searchHijack=true\">Pipetas<\/a><\/li>\n<li><a href=\"https:\/\/www.fishersci.com\/us\/en\/browse\/90123004\/Pumps?searchHijack=true\">Bombas<\/a><\/li>\n<li><a href=\"https:\/\/www.fishersci.com\/us\/en\/browse\/90086023\/Racks?searchHijack=true\">Racks<\/a><\/li>\n<li><a href=\"https:\/\/www.fishersci.com\/us\/en\/browse\/90206095\/Refractometers?searchHijack=true\">Refract\u00f3metros<\/a><\/li>\n<li><a href=\"https:\/\/www.fishersci.com\/us\/en\/browse\/90179089\/Shakers?searchHijack=true\">Agitadores<\/a><\/li>\n<li><a href=\"https:\/\/www.fishersci.com\/us\/en\/browse\/90126105\/Solid-Phase-Extraction?searchHijack=true\">Extracci\u00f3n de fase s\u00f3lida<\/a><\/li>\n<li><a href=\"https:\/\/www.fishersci.com\/us\/en\/browse\/90180023\/Sonicators?searchHijack=true\">Sonicadores<\/a><\/li>\n<li><a href=\"https:\/\/www.fishersci.com\/us\/en\/browse\/90206121\/Specialty-Lab-Equipment-Instruments-and-Apparatuses?searchHijack=true\">Equipos, instrumentos y aparatos de laboratorio<\/a><\/li>\n<li><a href=\"https:\/\/www.fishersci.com\/us\/en\/browse\/90206113\/Turbidity-Measurement?searchHijack=true\">Medici\u00f3n de turbidez<\/a><\/li>\n<li><a href=\"https:\/\/www.fishersci.com\/us\/en\/browse\/90094202\/Funnels?searchHijack=true\">Embudos<\/a><\/li>\n<\/ul>\n<p>[\/vc_column_text][vc_column_text font_color=&#8221;#ffffff&#8221;]<\/p>\n<h5>CONSUMIBLES<\/h5>\n<p>[\/vc_column_text][cesis_line_divider color=&#8221;#ffffff&#8221;][vc_column_text]<\/p>\n<ul>\n<li><a href=\"https:\/\/www.fishersci.com\/us\/en\/catalog\/search\/products?keyword=wipes\">Toallitas, Limpiadores y Desinfectantes<\/a><\/li>\n<li><a href=\"https:\/\/www.fishersci.com\/us\/en\/browse\/90111007\/Microplates?searchHijack=true\">Microplacas<\/a><\/li>\n<li><a href=\"https:\/\/www.fishersci.com\/us\/en\/browse\/90184082\/Microscope-Slides?searchHijack=true\">Portaobjetos de Microscopio<\/a><\/li>\n<li><a href=\"https:\/\/www.fishersci.com\/us\/en\/browse\/90140059\/Pipette-Tips?searchHijack=true\">Puntas de pipeta<\/a><\/li>\n<li><a href=\"https:\/\/www.fishersci.com\/us\/en\/browse\/90094011\/Specialty-Lab-Glassware?searchHijack=true\">Cristaler\u00eda de laboratorio especializada<\/a><\/li>\n<li><a href=\"https:\/\/www.fishersci.com\/us\/en\/browse\/90094224\/Stoppers-and-Closures?searchHijack=true\">Tapones y Cierres<\/a><\/li>\n<li><a href=\"https:\/\/www.fishersci.com\/us\/en\/browse\/90168054\/Tubes?searchHijack=true\">Tubos<\/a><\/li>\n<li><a href=\"https:\/\/www.fishersci.com\/us\/en\/browse\/90168028\/Vials?searchHijack=true\">Viales<\/a><\/li>\n<li><a href=\"https:\/\/www.fishersci.com\/us\/en\/browse\/90094009\/Bottles-Jars-and-Jugs?searchHijack=true\">Botellas, Frascos y Jarras<\/a><\/li>\n<\/ul>\n<p>[\/vc_column_text][\/vc_column][\/vc_row][vc_row][vc_column width=&#8221;1\/3&#8243;][\/vc_column][\/vc_row]<\/p>\n<\/section>","protected":false},"excerpt":{"rendered":"<p>[vc_row][vc_column width=&#8221;1\/2&#8243;][vc_single_image image=&#8221;9983&#8243; img_size=&#8221;medium&#8221; alignment=&#8221;center&#8221;][\/vc_column][vc_column width=&#8221;1\/2&#8243;][vc_column_text font_size=&#8221;0&#8243; line_height=&#8221;0&#8243; letter_spacing=&#8221;&#8221;][\/vc_column_text][vc_column_text] Productos de la marca Fisher Scientific [\/vc_column_text][\/vc_column][\/vc_row][vc_row][vc_column width=&#8221;1\/3&#8243;][vc_single_image image=&#8221;10221&#8243; img_size=&#8221;full&#8221; alignment=&#8221;center&#8221; onclick=&#8221;custom_link&#8221; link=&#8221;https:\/\/www.fishersci.com\/us\/en\/home.html&#8221;][vc_single_image image=&#8221;10222&#8243; img_size=&#8221;full&#8221; alignment=&#8221;center&#8221; onclick=&#8221;custom_link&#8221; link=&#8221;https:\/\/www.fishersci.com\/us\/en\/home.html&#8221;][vc_single_image image=&#8221;10224&#8243; img_size=&#8221;full&#8221; alignment=&#8221;center&#8221; onclick=&#8221;custom_link&#8221; link=&#8221;https:\/\/www.fishersci.com\/us\/en\/home.html&#8221;][vc_column_text]&#8211;[\/vc_column_text][vc_single_image image=&#8221;10227&#8243; img_size=&#8221;full&#8221; alignment=&#8221;center&#8221; onclick=&#8221;custom_link&#8221;][vc_row_inner][vc_column_inner][\/vc_column_inner][\/vc_row_inner][vc_column_text]&#8211;[\/vc_column_text][vc_row_inner][vc_column_inner][vc_single_image image=&#8221;10229&#8243; img_size=&#8221;full&#8221; alignment=&#8221;center&#8221; onclick=&#8221;custom_link&#8221; link=&#8221;https:\/\/www.fishersci.com\/us\/en\/home.html&#8221;][vc_column_text]&#8211;[\/vc_column_text][\/vc_column_inner][\/vc_row_inner][\/vc_column][vc_column width=&#8221;1\/3&#8243;][vc_column_text font_color=&#8221;#000000&#8243;] EQUIPOS E INSTRUMENTOS [\/vc_column_text][cesis_line_divider][vc_column_text] Balanzas y B\u00e1sculas Ba\u00f1os Dataloggers y Registradores Productos [&hellip;]<\/p>\n","protected":false},"author":1,"featured_media":0,"parent":0,"menu_order":0,"comment_status":"closed","ping_status":"closed","template":"","meta":{"footnotes":""},"class_list":["post-10060","page","type-page","status-publish","hentry"],"_links":{"self":[{"href":"https:\/\/gyg-sucesores.com\/wordpress\/index.php\/wp-json\/wp\/v2\/pages\/10060","targetHints":{"allow":["GET"]}}],"collection":[{"href":"https:\/\/gyg-sucesores.com\/wordpress\/index.php\/wp-json\/wp\/v2\/pages"}],"about":[{"href":"https:\/\/gyg-sucesores.com\/wordpress\/index.php\/wp-json\/wp\/v2\/types\/page"}],"author":[{"embeddable":true,"href":"https:\/\/gyg-sucesores.com\/wordpress\/index.php\/wp-json\/wp\/v2\/users\/1"}],"replies":[{"embeddable":true,"href":"https:\/\/gyg-sucesores.com\/wordpress\/index.php\/wp-json\/wp\/v2\/comments?post=10060"}],"version-history":[{"count":26,"href":"https:\/\/gyg-sucesores.com\/wordpress\/index.php\/wp-json\/wp\/v2\/pages\/10060\/revisions"}],"predecessor-version":[{"id":10633,"href":"https:\/\/gyg-sucesores.com\/wordpress\/index.php\/wp-json\/wp\/v2\/pages\/10060\/revisions\/10633"}],"wp:attachment":[{"href":"https:\/\/gyg-sucesores.com\/wordpress\/index.php\/wp-json\/wp\/v2\/media?parent=10060"}],"curies":[{"name":"wp","href":"https:\/\/api.w.org\/{rel}","templated":true}]}}